{"id":131,"date":"2022-12-12T16:29:13","date_gmt":"2022-12-12T15:29:13","guid":{"rendered":"http:\/\/natbildarna.nu\/?page_id=131"},"modified":"2024-05-02T11:06:51","modified_gmt":"2024-05-02T09:06:51","slug":"61-2-3","status":"publish","type":"page","link":"https:\/\/natbildarna.nu\/?page_id=131","title":{"rendered":"Info"},"content":{"rendered":"<p>[et_pb_section fb_built=&#8221;1&#8243; admin_label=&#8221;Header&#8221; _builder_version=&#8221;4.19.0&#8243; _module_preset=&#8221;default&#8221; background_color=&#8221;#000000&#8243; use_background_color_gradient=&#8221;on&#8221; background_color_gradient_stops=&#8221;rgba(131,0,233,0.34) 0%|rgba(41,196,169,0.44) 99%&#8221; background_image=&#8221;https:\/\/natbildarna.nu\/wp-content\/uploads\/2022\/12\/info-bg.jpg&#8221; custom_padding=&#8221;8%||30%||false|false&#8221; locked=&#8221;off&#8221; collapsed=&#8221;on&#8221; global_colors_info=&#8221;{}&#8221;][et_pb_row _builder_version=&#8221;4.18.0&#8243; _module_preset=&#8221;default&#8221; global_colors_info=&#8221;{}&#8221;][et_pb_column type=&#8221;4_4&#8243; _builder_version=&#8221;4.18.0&#8243; _module_preset=&#8221;default&#8221; background_color=&#8221;#2184d1&#8243; custom_padding=&#8221;||||false|false&#8221; border_radii=&#8221;on|22px|22px|22px|22px&#8221; box_shadow_style=&#8221;preset1&#8243; global_colors_info=&#8221;{}&#8221;][et_pb_image src=&#8221;https:\/\/natbildarna.nu\/wp-content\/uploads\/2022\/12\/info-titel.png&#8221; title_text=&#8221;info-titel&#8221; align=&#8221;center&#8221; _builder_version=&#8221;4.19.0&#8243; _module_preset=&#8221;default&#8221; background_color=&#8221;#2184d1&#8243; width_tablet=&#8221;&#8221; width_phone=&#8221;84%&#8221; width_last_edited=&#8221;on|phone&#8221; custom_padding=&#8221;40px||40px||false|false&#8221; custom_padding_tablet=&#8221;40px||40px||false|false&#8221; custom_padding_phone=&#8221;20px||20px||false|false&#8221; custom_padding_last_edited=&#8221;on|phone&#8221; global_colors_info=&#8221;{}&#8221;][\/et_pb_image][\/et_pb_column][\/et_pb_row][\/et_pb_section][et_pb_section fb_built=&#8221;1&#8243; _builder_version=&#8221;4.16&#8243; global_colors_info=&#8221;{}&#8221;][et_pb_row _builder_version=&#8221;4.16&#8243; background_size=&#8221;initial&#8221; background_position=&#8221;top_left&#8221; background_repeat=&#8221;repeat&#8221; global_colors_info=&#8221;{}&#8221;][et_pb_column type=&#8221;4_4&#8243; _builder_version=&#8221;4.16&#8243; custom_padding=&#8221;|||&#8221; global_colors_info=&#8221;{}&#8221; custom_padding__hover=&#8221;|||&#8221;][et_pb_text disabled_on=&#8221;off|off|off&#8221; _builder_version=&#8221;4.19.4&#8243; _module_preset=&#8221;default&#8221; header_2_font=&#8221;Baskervville|700|||||||&#8221; header_2_text_color=&#8221;#005CC8&#8243; header_2_font_size=&#8221;48px&#8221; custom_margin=&#8221;||||false|false&#8221; custom_margin_tablet=&#8221;||||false|false&#8221; custom_margin_phone=&#8221;||20px||false|false&#8221; custom_margin_last_edited=&#8221;on|phone&#8221; header_2_font_size_tablet=&#8221;32px&#8221; header_2_font_size_phone=&#8221;25px&#8221; header_2_font_size_last_edited=&#8221;on|phone&#8221; global_colors_info=&#8221;{}&#8221;]<\/p>\n<h2>Info<\/h2>\n<p>[\/et_pb_text][et_pb_text _builder_version=&#8221;4.25.0&#8243; background_size=&#8221;initial&#8221; background_position=&#8221;top_left&#8221; background_repeat=&#8221;repeat&#8221; hover_enabled=&#8221;0&#8243; global_colors_info=&#8221;{}&#8221; sticky_enabled=&#8221;0&#8243;]<\/p>\n<p>H\u00e4r hittar du allm\u00e4n information om N\u00e4tbildarna och kurserna. Funderar du p\u00e5 n\u00e5got, eller jobbar du f\u00f6r en folkh\u00f6gskola och vill lista era distanskurser h\u00e4r? H\u00f6r av dig via kontaktformul\u00e4ret p\u00e5 framsidan!<\/p>\n<p>&nbsp;<\/p>\n<p>&nbsp;<\/p>\n<h4><strong>Vad \u00e4r N\u00e4tbildarna?<\/strong><\/h4>\n<p>N\u00e4tbildarna \u00e4r en webbsida d\u00e4r Sveriges folkh\u00f6gskolor kostnadsfritt kan lista sina distansutbildningar och d\u00e4r vem som helst kan ans\u00f6ka till dem. Det enda gemensamma kravet f\u00f6r att ans\u00f6ka till utbildningarna som listas h\u00e4r \u00e4r att du m\u00e5ste ha fyllt 18 \u00e5r.<\/p>\n<p>Tidigare var N\u00e4tbildarna en formell organisation, men fr\u00e5n och med 2016 bantades den ned till en den h\u00e4r webbsidan d\u00e4r folkh\u00f6gskolor runtom i Sverige kan lista sina distanskurser.<\/p>\n<p>Sidan underh\u00e5lls av Sverigefinska folkh\u00f6gskolan i Haparanda (<a href=\"https:\/\/www.svefi.net\" target=\"_blank\" rel=\"noopener\">www.svefi.net<\/a>).<\/p>\n<p>&nbsp;<\/p>\n<p>&nbsp;<\/p>\n<h4><strong>\u00c4r kurserna CSN-beh\u00f6riga?<\/strong><\/h4>\n<p>De allra flesta kurserna som listas h\u00e4r \u00e4r CSN-beh\u00f6riga, men undantag kan f\u00f6rekomma.<\/p>\n<p>Om det inte framg\u00e5r av kurstexten s\u00e5 kan du kontakta kursledaren f\u00f6r mer info.<\/p>\n<p>&nbsp;<\/p>\n<p>&nbsp;<\/p>\n<h4><strong>Om antagningarna<\/strong><\/h4>\n<p><span>Varje enskild kursanordnare (folkh\u00f6gskola) \u00e4r ansvarig f\u00f6r antagningarna till sina kurser.<\/span><\/p>\n<p>I en del kurser antas s\u00f6kande fortl\u00f6pande efter principen &#8221;f\u00f6rst till kvarn,&#8221; i andra kurser antas deltagare f\u00f6rst efter det att sista anm\u00e4lningsdatumet passerat.<\/p>\n<p>Ditt antagningsbesked skickas till din e-post. Om du inte verkar ha f\u00e5tt n\u00e5got \u00e4ven efter det sista ans\u00f6kningsdatumet passerat, titta g\u00e4rna i din skr\u00e4p- eller reklamkorg \u2013 det kan h\u00e4nda att meddelanden som skickas ut via ett system som Schoolsoft automatiskt landar i n\u00e5gon av de korgarna.<\/p>\n<p><span>Om du har fr\u00e5gor om antagningarna till en viss kurs, g\u00e5 in p\u00e5 den kursens sida genom att klicka p\u00e5 &#8221;Kurser&#8221; i l\u00e4nkraden ovan. D\u00e4r klickar du p\u00e5 den kurs du har funderingar kring. D\u00e5 visas just den kursens sida. H\u00f6gst upp i den sidans text hittar du kursledarens kontaktuppgifter.<\/span><\/p>\n<p>Efter du blivit antagen till en kurs l\u00e4r du kontaktas av kursledaren via e-post n\u00e5gon g\u00e5ng strax innan kursen b\u00f6rjar. Kursledaren delger dig d\u00e5 mer information om kursg\u00e5ngen.<\/p>\n<p>&nbsp;<\/p>\n<p>&nbsp;<\/p>\n<h4><strong>Kostar det att l\u00e4sa kurserna?<\/strong><\/h4>\n<p>Det skiljer sig inte bara fr\u00e5n skola till skola utan \u00e4ven fr\u00e5n kurs till kurs. Vissa av de kurser som listas h\u00e4r kan kosta en mindre summa medan andra kurser kan vara helt kostnadsfria. Det beror helt p\u00e5 kursens uppl\u00e4gg och skolans tanke med den.<\/p>\n<p>Den eventuella avgiften f\u00f6r en kurs \u00e4r dock vanligtvis endast f\u00f6r att t\u00e4cka det administrativa arbetet eller \u00e5tg\u00e5ngen av material.<\/p>\n<p>&nbsp;<\/p>\n<p>&nbsp;<\/p>\n<h4><strong>Hur ans\u00f6ker jag till en distanskurs?<\/strong><\/h4>\n<p>Du hittar de distanskurser som listas p\u00e5 N\u00e4tbildarna genom att klicka p\u00e5 l\u00e4nken Kurser, h\u00f6gst upp.<\/p>\n<p>Om du hittar en distanskurs som du vill ans\u00f6ka till s\u00e5 kan du klicka p\u00e5 den. D\u00e5 visas info om just den kursen. D\u00e4r hittar du vanligtvis en knapp till just den kursens ans\u00f6kningsformul\u00e4r l\u00e4ngst ned.<\/p>\n<p>De flesta kurserna tar emot ans\u00f6kningar via plattformen Schoolsoft, som anv\u00e4nds av skolor runtom i Sverige. Om du inte har ett Schoolsoft-konto kan du v\u00e4lja att skapa ett efter du klickat p\u00e5 knappen. Sedan kan du logga in med ditt Schoolsoft-konto s\u00e5 f\u00e5r du fylla i din ans\u00f6kan.<\/p>\n<p>Det finns ingen gr\u00e4ns p\u00e5 hur m\u00e5nga kurser du kan ans\u00f6ka till, men t\u00e4nk p\u00e5 att en kurs i regel tar betydligt mer tid \u00e4n man kanske tror!<\/p>\n<p>&nbsp;<\/p>\n<p>&nbsp;<\/p>\n<h4><strong>Hur fungerar studierna?<\/strong><\/h4>\n<p>De flesta kurserna som listas h\u00e4r \u00e4r helt p\u00e5 distans, men det finns vissa kurser som inkluderar obligatoriska tr\u00e4ffar p\u00e5 plats ocks\u00e5. Det framg\u00e5r n\u00e4r du l\u00e4ser mer om kursen du \u00e4r intresserad av.<\/p>\n<p>&nbsp;<\/p>\n<p style=\"padding-left: 40px;\"><em>\u2014 Tillg\u00e5ng till Internet och studiematerial<\/em><\/p>\n<p style=\"padding-left: 40px;\">F\u00f6r att ta del av en distanskurs beh\u00f6ver du f\u00f6rst och fr\u00e4mst en dator, telefon eller platta med tillg\u00e5ng till Internet.<\/p>\n<p style=\"padding-left: 40px;\">Du beh\u00f6ver inte vara ett tekniskt geni f\u00f6r att studera kurserna. Tekniken passar de flesta och st\u00e4ller inga orimliga krav. Grundl\u00e4ggande datorvana \u00e4r f\u00f6rst\u00e5s alltid bra att ha, men om du k\u00e4nner dig os\u00e4ker med att anv\u00e4nda datorer kan du h\u00f6ra av dig till kursledaren s\u00e5 f\u00e5r du den hj\u00e4lp du beh\u00f6ver f\u00f6r att ta dig vidare i kursen.<\/p>\n<p style=\"padding-left: 40px;\">Det kan \u00e4ven h\u00e4nda att du beh\u00f6ver skaffa s\u00e4rskilt studiematerial (exempelvis b\u00f6cker eller ett visst datorprogram) f\u00f6r att kunna l\u00e4sa en viss kurs. I s\u00e5 fall f\u00e5r du info om detta antingen av kursledaren efter du blivit antagen eller s\u00e5 framg\u00e5r det av den kursens text h\u00e4r p\u00e5 N\u00e4tbildarnas webbplats. Du st\u00e5r f\u00f6r dessa eventuella kostnader sj\u00e4lv.<\/p>\n<p style=\"padding-left: 40px;\"><em>\u2014 Kommunikation inom kursen<\/em><\/p>\n<p style=\"padding-left: 40px;\">I de flesta fallen sker kommunikationen inom kursen p\u00e5 en viss l\u00e4roplattform s\u00e5som Microsoft Teams, Itslearning, eller liknande. I vissa fall f\u00e5r du skapa ett eget anv\u00e4ndarkonto, men vanligtvis f\u00e5r du ett s\u00e4rskilt skolkonto skickat till dig i samband med kursstarten.<\/p>\n<p style=\"padding-left: 40px;\">Samtalen p\u00e5 l\u00e4roplattformen sker oftast i textform, genom att du och de \u00f6vriga deltagarna i kursen skriver \u00f6ppna meddelanden som alla i kursen kan l\u00e4sa (\u00e4ven om det l\u00e4r g\u00e5 att skicka privata medellanden ocks\u00e5).<\/p>\n<p style=\"padding-left: 40px;\">Men det kan vara bra att \u00e4ven ha tillg\u00e5ng till mikrofon och kamera ifall det f\u00f6rekommer videosamtal i din kurs.<\/p>\n<p style=\"padding-left: 40px;\">De flesta b\u00e4rbara datorer samt \u00e4ven telefoner och plattor har redan f\u00e4rdigt inbyggda kameror och mikrofoner \u2013 men om du anv\u00e4nder en station\u00e4r (&#8221;stor&#8221;) dator kan du beh\u00f6va skaffa mikrofon, exempelvis ett headset, samt en webbkamera separat.<\/p>\n<p style=\"padding-left: 40px;\"><em>\u2014 Att utf\u00f6ra kursen<\/em><\/p>\n<p style=\"padding-left: 40px;\">Distanskurserna leds av folkh\u00f6gskolor, s\u00e5 de f\u00f6ljer de riktlinjer som g\u00e4ller f\u00f6r folkh\u00f6gskolestudier. Men kurserna \u00e4r i regel v\u00e4ldigt flexibla, s\u00e5 varje deltagare b\u00f6r finna det relativt enkelt att anpassa kursg\u00e5ngen efter hur just dennas vardag ser ut.<\/p>\n<p style=\"padding-left: 40px;\">Som ett exempel kanske du har en vecka p\u00e5 dig att utf\u00f6ra en viss lektion. D\u00e5 kan du i regel utf\u00f6ra den precis n\u00e4r det passar dig inom den tidsramen: p\u00e5 vardagar, p\u00e5 helgen, p\u00e5 kv\u00e4llar \u2013 och du kan dessutom befinna dig var du vill: hemma, p\u00e5 jobbet, p\u00e5 skolan, hos en kompis&#8230; Det \u00e4r det som \u00e4r den stora styrkan med distanskurser, \u00e4ven om vissa kurser f\u00f6rst\u00e5s kan vara litet mer styrda \u00e4n andra.<\/p>\n<p style=\"padding-left: 40px;\">Ut\u00f6ver de faktiska studierna s\u00e5 \u00e4r \u00e4ven samtal mellan dig, din kursledare och de andra kursdeltagarna en mycket viktig del av folkbildningstanken. S\u00e5 det l\u00e4r h\u00e4nda att du exempelvis f\u00e5r kommentera andras inl\u00e4mningar, eller delge dina tankar om ett visst \u00e4mne, eller diskutera n\u00e5got i grupp. Allt beror naturligtvis p\u00e5 hur kursen \u00e4r upplagd.<\/p>\n<p style=\"padding-left: 40px;\">F\u00f6r n\u00e4rmare info om en specifik kurs kan du h\u00f6ra av dig till den kursens ledare. Du hittar kursledarens kontaktinformation genom att klicka p\u00e5 Kurser i l\u00e4nkraden ovan. D\u00e4r kan du v\u00e4lja kurs, och d\u00e5 hittar du e-postadressen och\/eller telefonnumret till den kursens ledare h\u00f6gst upp i sj\u00e4lva texten p\u00e5 den sidan.<\/p>\n<p>&nbsp;<\/p>\n<p>&nbsp;<\/p>\n<h4><strong>F\u00f6r folkh\u00f6gskolor<\/strong><\/h4>\n<p>Det \u00e4r gratis f\u00f6r alla folkh\u00f6gskolor att l\u00e4gga till era distanskurser h\u00e4r p\u00e5 N\u00e4tbildarnas sida. Ju fler desto b\u00e4ttre!<\/p>\n<p>Det \u00e4r bara att skicka ett meddelande via kontaktformul\u00e4ret p\u00e5 framsidan\u00a0f\u00f6r n\u00e4rmare info om hur du f\u00e5r in din skolas distanskurser i utbudet h\u00e4r.<\/p>\n<p>&nbsp;<\/p>\n<p>&nbsp;<\/p>\n<h4><strong>Integritet och personuppgifter<\/strong><\/h4>\n<p>Du beh\u00f6ver inte registrera dig eller skapa n\u00e5got konto h\u00e4r p\u00e5 N\u00e4tbildarnas webbsida, s\u00e5 N\u00e4tbildarna kommer varken att beg\u00e4ra eller spara dina personuppgifter.<\/p>\n<p>D\u00e4remot kan du beh\u00f6va skapa ett konto i registreringssystemet Schoolsoft, eller det system som anv\u00e4nds av den skola vars kurs du ans\u00f6ker till.<\/p>\n<p>Det \u00e4r den skola vars kurs du ans\u00f6ker till som ansvarar f\u00f6r dina personuppgifter hos dem.<\/p>\n<p>&nbsp;<\/p>\n<p>&nbsp;<\/p>\n<h4><strong>Kontakta N\u00e4tbildarna<\/strong><\/h4>\n<p>Har du fr\u00e5gor eller funderingar om N\u00e4tbildarna? H\u00f6r av dig till oss via kontaktformul\u00e4ret p\u00e5 framsidan!<\/p>\n<p>Om du d\u00e4remot har fr\u00e5gor om en specifik kurs, h\u00f6r av dig till den kursens ledare eller kontaktperson.<\/p>\n<p>Du hittar kontaktpersonens uppgifter genom att g\u00e5 in p\u00e5 sidan Kurser och d\u00e4r klicka p\u00e5 den kurs du \u00e4r intresserad av. D\u00e4r hittar du bland annat vem som leder kursen och dennas kontaktuppgifter.<\/p>\n<p>[\/et_pb_text][\/et_pb_column][\/et_pb_row][\/et_pb_section]<\/p>\n","protected":false},"excerpt":{"rendered":"<p>InfoH\u00e4r hittar du allm\u00e4n information om N\u00e4tbildarna och kurserna. Funderar du p\u00e5 n\u00e5got, eller jobbar du f\u00f6r en folkh\u00f6gskola och vill lista era distanskurser h\u00e4r? H\u00f6r av dig via kontaktformul\u00e4ret p\u00e5 framsidan! &nbsp; &nbsp; Vad \u00e4r N\u00e4tbildarna? N\u00e4tbildarna \u00e4r en webbsida d\u00e4r Sveriges folkh\u00f6gskolor kostnadsfritt kan lista sina distansutbildningar och d\u00e4r vem som helst kan [&hellip;]<\/p>\n","protected":false},"author":1,"featured_media":0,"parent":0,"menu_order":0,"comment_status":"closed","ping_status":"closed","template":"","meta":{"_et_pb_use_builder":"on","_et_pb_old_content":"","_et_gb_content_width":"","footnotes":""},"class_list":["post-131","page","type-page","status-publish","hentry"],"_links":{"self":[{"href":"https:\/\/natbildarna.nu\/index.php?rest_route=\/wp\/v2\/pages\/131","targetHints":{"allow":["GET"]}}],"collection":[{"href":"https:\/\/natbildarna.nu\/index.php?rest_route=\/wp\/v2\/pages"}],"about":[{"href":"https:\/\/natbildarna.nu\/index.php?rest_route=\/wp\/v2\/types\/page"}],"author":[{"embeddable":true,"href":"https:\/\/natbildarna.nu\/index.php?rest_route=\/wp\/v2\/users\/1"}],"replies":[{"embeddable":true,"href":"https:\/\/natbildarna.nu\/index.php?rest_route=%2Fwp%2Fv2%2Fcomments&post=131"}],"version-history":[{"count":12,"href":"https:\/\/natbildarna.nu\/index.php?rest_route=\/wp\/v2\/pages\/131\/revisions"}],"predecessor-version":[{"id":295,"href":"https:\/\/natbildarna.nu\/index.php?rest_route=\/wp\/v2\/pages\/131\/revisions\/295"}],"wp:attachment":[{"href":"https:\/\/natbildarna.nu\/index.php?rest_route=%2Fwp%2Fv2%2Fmedia&parent=131"}],"curies":[{"name":"wp","href":"https:\/\/api.w.org\/{rel}","templated":true}]}}