{"id":284,"date":"2024-05-02T10:44:51","date_gmt":"2024-05-02T08:44:51","guid":{"rendered":"https:\/\/natbildarna.nu\/?page_id=284"},"modified":"2025-12-08T14:55:26","modified_gmt":"2025-12-08T13:55:26","slug":"61-2-5-2-2-2","status":"publish","type":"page","link":"https:\/\/natbildarna.nu\/?page_id=284","title":{"rendered":"Photoshop: Digital bildbehandling (VT2026)"},"content":{"rendered":"<p>[et_pb_section fb_built=&#8221;1&#8243; admin_label=&#8221;Header&#8221; _builder_version=&#8221;4.19.0&#8243; _module_preset=&#8221;default&#8221; background_color=&#8221;#000000&#8243; background_image=&#8221;https:\/\/natbildarna.nu\/wp-content\/uploads\/2022\/12\/kurs-photoshop-bg2.jpg&#8221; custom_padding=&#8221;8%||30%||false|false&#8221; locked=&#8221;off&#8221; collapsed=&#8221;on&#8221; global_colors_info=&#8221;{}&#8221;][et_pb_row _builder_version=&#8221;4.19.0&#8243; _module_preset=&#8221;default&#8221; global_colors_info=&#8221;{}&#8221;][et_pb_column type=&#8221;4_4&#8243; _builder_version=&#8221;4.19.0&#8243; _module_preset=&#8221;default&#8221; background_color=&#8221;RGBA(255,255,255,0)&#8221; custom_padding=&#8221;||||false|false&#8221; border_radii=&#8221;on|22px|22px|22px|22px&#8221; box_shadow_style=&#8221;preset1&#8243; global_colors_info=&#8221;{}&#8221;][et_pb_image src=&#8221;https:\/\/natbildarna.nu\/wp-content\/uploads\/2022\/12\/kurs-photoshop.png&#8221; title_text=&#8221;kurs-photoshop&#8221; align=&#8221;center&#8221; _builder_version=&#8221;4.19.0&#8243; _module_preset=&#8221;default&#8221; background_color=&#8221;rgba(12,113,195,0.89)&#8221; width_tablet=&#8221;&#8221; width_phone=&#8221;84%&#8221; width_last_edited=&#8221;on|phone&#8221; custom_padding=&#8221;40px||40px||false|false&#8221; custom_padding_tablet=&#8221;40px||40px||false|false&#8221; custom_padding_phone=&#8221;20px||20px||false|false&#8221; custom_padding_last_edited=&#8221;on|phone&#8221; global_colors_info=&#8221;{}&#8221;][\/et_pb_image][\/et_pb_column][\/et_pb_row][\/et_pb_section][et_pb_section fb_built=&#8221;1&#8243; _builder_version=&#8221;4.16&#8243; global_colors_info=&#8221;{}&#8221;][et_pb_row _builder_version=&#8221;4.16&#8243; background_size=&#8221;initial&#8221; background_position=&#8221;top_left&#8221; background_repeat=&#8221;repeat&#8221; global_colors_info=&#8221;{}&#8221;][et_pb_column type=&#8221;4_4&#8243; _builder_version=&#8221;4.16&#8243; custom_padding=&#8221;|||&#8221; global_colors_info=&#8221;{}&#8221; custom_padding__hover=&#8221;|||&#8221;][et_pb_text disabled_on=&#8221;off|off|off&#8221; _builder_version=&#8221;4.25.0&#8243; _module_preset=&#8221;default&#8221; header_2_font=&#8221;Baskervville|700|||||||&#8221; header_2_text_color=&#8221;#005CC8&#8243; header_2_font_size=&#8221;48px&#8221; custom_margin_tablet=&#8221;&#8221; custom_margin_phone=&#8221;||20px||false|false&#8221; custom_margin_last_edited=&#8221;on|phone&#8221; header_2_font_size_tablet=&#8221;32px&#8221; header_2_font_size_phone=&#8221;25px&#8221; header_2_font_size_last_edited=&#8221;on|desktop&#8221; global_colors_info=&#8221;{}&#8221;]<\/p>\n<h2>Photoshop: Digital bildbehandling (VT2026)<\/h2>\n<p>[\/et_pb_text][et_pb_text _builder_version=&#8221;4.25.0&#8243; background_size=&#8221;initial&#8221; background_position=&#8221;top_left&#8221; background_repeat=&#8221;repeat&#8221; hover_enabled=&#8221;0&#8243; global_colors_info=&#8221;{}&#8221; sticky_enabled=&#8221;0&#8243;]<\/p>\n<table id=\"nl\" style=\"width: 552px;\">\n<tbody>\n<tr>\n<td style=\"width: 130.797px;\"><strong>Kursanordnare<\/strong><\/td>\n<td style=\"width: 405.203px;\">Sverigefinska folkh\u00f6gskolan, Haparanda (<a href=\"http:\/\/www.svefi.net\">www.svefi.net<\/a>)<\/td>\n<\/tr>\n<tr>\n<td style=\"width: 130.797px;\"><strong>Kurstyp<\/strong><\/td>\n<td style=\"width: 405.203px;\">Distanskurs utan fysiska tr\u00e4ffar<\/td>\n<\/tr>\n<tr>\n<td style=\"width: 130.797px;\"><strong>Kursledare<\/strong><\/td>\n<td style=\"width: 405.203px;\">Mats Holmgren, <a href=\"mailto:mats.holmgren@svefi.net\">mats.holmgren@svefi.net<\/a><\/td>\n<\/tr>\n<tr>\n<td style=\"width: 130.797px;\"><strong>Datum<\/strong><\/td>\n<td style=\"width: 405.203px;\">2026-02-02 \u2014 2026-05-15<\/td>\n<\/tr>\n<tr>\n<td style=\"width: 130.797px;\"><strong>Ans\u00f6k senast<\/strong><\/td>\n<td style=\"width: 405.203px;\">2025-12-12<\/td>\n<\/tr>\n<tr>\n<td style=\"width: 130.797px;\"><strong>Kostnader<\/strong><\/td>\n<td style=\"width: 405.203px;\">400 kr (inkl. bl.a. tillg\u00e5ng till webbaserat material). Om du inte redan har Photoshop kan en m\u00e5nadskostnad p\u00e5 c:a 280 kr f\u00f6r nyaste versionen av programmet tillkomma.<\/td>\n<\/tr>\n<tr>\n<td style=\"width: 130.797px;\"><strong>Arbetstakt<\/strong><\/td>\n<td style=\"width: 405.203px;\">C:a 11 timmar\/vecka (50%)<\/td>\n<\/tr>\n<tr>\n<td style=\"width: 130.797px;\"><strong>Kursmaterial<\/strong><\/td>\n<td style=\"width: 405.203px;\">Allt material finns p\u00e5 kursens webbplats.<\/td>\n<\/tr>\n<tr>\n<td style=\"width: 130.797px;\"><strong>Intyg<\/strong><\/td>\n<td style=\"width: 405.203px;\">Intyg ges efter slutf\u00f6rd kurs.<\/td>\n<\/tr>\n<\/tbody>\n<\/table>\n<p>[\/et_pb_text][et_pb_button button_url=&#8221;https:\/\/sms.schoolsoft.se\/fhsk\/jsp\/LoginApplicant.jsp?application_education_id=27046&#8243; url_new_window=&#8221;on&#8221; button_text=&#8221;Ans\u00f6k till kursen VT2026&#8243; button_alignment=&#8221;center&#8221; _builder_version=&#8221;4.25.0&#8243; _module_preset=&#8221;default&#8221; custom_button=&#8221;on&#8221; button_text_color=&#8221;#FFFFFF&#8221; button_bg_color=&#8221;#0C71C3&#8243; button_border_radius=&#8221;12px&#8221; button_font=&#8221;|||on|||||&#8221; button_icon=&#8221;&#x45;||divi||400&#8243; button_on_hover=&#8221;off&#8221; global_colors_info=&#8221;{}&#8221;][\/et_pb_button][et_pb_text _builder_version=&#8221;4.25.0&#8243; background_size=&#8221;initial&#8221; background_position=&#8221;top_left&#8221; background_repeat=&#8221;repeat&#8221; global_colors_info=&#8221;{}&#8221;]<\/p>\n<div id=\"kursrubrik\">\u2014 En kurs f\u00f6r dig som vill kunna anv\u00e4nda Photoshop f\u00f6r att \u00e4ndra p\u00e5 bilder, fixa till foton eller kanske skapa helt egna verk. Materialet \u00e4r anpassat s\u00e5 att \u00e4ven nyb\u00f6rjare l\u00e4tt kan h\u00e4nga med. Inga f\u00f6rkunskaper kr\u00e4vs!<\/div>\n<p><!--<\/p>\n\n\n\n\n<div style=\"font-size: 1.3em; font-style: italic; padding: 20px; margin-top: 30px; margin-bottom: 30px; border-radius: 15px; line-height: 1.5em; background-color: #f6f6f6;\">\u2014 En kurs f\u00f6r dig som vill kunna anv\u00e4nda Photoshop f\u00f6r att \u00e4ndra p\u00e5 bilder, fixa till foton eller kanske skapa helt egna verk. Materialet \u00e4r anpassat s\u00e5 att \u00e4ven nyb\u00f6rjare l\u00e4tt kan h\u00e4nga med. Inga f\u00f6rkunskaper kr\u00e4vs!<\/div>\n\n\n\n\n<p>--><\/p>\n<p>I den h\u00e4r kursen f\u00e5r du l\u00e4ra dig Photoshop fr\u00e5n b\u00f6rjan till slut. Vi g\u00e5r allts\u00e5 igenom betydligt mer \u00e4n bara fotofunktionerna!<\/p>\n<p>Kursen best\u00e5r av totalt 17 lektioner d\u00e4r vi g\u00e5r igenom alla verktyg och funktioner du som vanlig anv\u00e4ndare beh\u00f6ver k\u00e4nna till f\u00f6r att kunna anv\u00e4nda Photoshop. N\u00e4r du \u00e4r klar kan du g\u00f6ra i stort sett vad du vill med programmet och dina bilder! Vi g\u00e5r igenom allt fr\u00e5n praktiska fotofunktioner f\u00f6r f\u00e4rg och ljus till konstn\u00e4rliga specialeffekter, AI-verktyg, att hantera b\u00e5de egna och inh\u00e4mtade penslar, former och m\u00f6nster, icke-destruktiv bildredigering, hur vi skapar affischer med text och bild, med mycket mera.<\/p>\n<p>Kursmaterialet finns p\u00e5 n\u00e4tet och best\u00e5r av filmer kursledaren spelat in. Materialet \u00e4r pedagogiskt utformat och g\u00e5r i lugn takt och med tydliga exempel igenom exakt hur Photoshop fungerar, s\u00e5 \u00e4ven de som inte \u00e4r s\u00e5 vana vid datorer l\u00e4tt kan h\u00e4nga med. Och allt h\u00e4nger samman, s\u00e5 det vi l\u00e4rt oss ena veckan blir grunden inf\u00f6r det vi tittar p\u00e5 under n\u00e4sta. D\u00e5 \u00e4r det l\u00e4ttare att f\u00f6rst\u00e5 vad, hur och varf\u00f6r det blir som det blir.<\/p>\n<p>Varje lektion avslutas med ett antal \u00f6vningar d\u00e4r du sj\u00e4lv f\u00e5r kombinera det du just l\u00e4rt dig med din egen kreativitet s\u00e5 du f\u00e5r n\u00f6ta in dina kunskaper.<\/p>\n<p>I kursen ing\u00e5r \u00e4ven en obligatorisk videotr\u00e4ff i veckan d\u00e4r kursledaren presenterar den kommande lektionen, tar upp fr\u00e5gor och funderingar, och visar tips och tricks som kan underl\u00e4tta n\u00e4r du jobbar med Photoshop. Tr\u00e4ffen h\u00e5lls vid flera tillf\u00e4llen under veckan men du beh\u00f6ver endast n\u00e4rvara p\u00e5 en av dem \u2013 det \u00e4r bara att v\u00e4lja den som passar dig b\u00e4st.<\/p>\n<p>Det enda du som deltagare m\u00e5ste ha tillg\u00e5ng till \u00e4r f\u00f6rst\u00e5s Internet samt programmet Photoshop. Det underl\u00e4ttar \u00e4ven om du har viss datorvana s\u00e5 du t. ex. kan skapa egna mappar p\u00e5 din dator.<\/p>\n<p>Kursledaren skickar info om hur du billigast skaffar den nyaste versionen av Photoshop strax innan kursen b\u00f6rjar. Den s\u00e4ljs i &#8221;prenumerationsform&#8221; som kostar c:a 285 kr i m\u00e5naden. (Priset fluktuerar med valutakurserna, och det har h\u00f6jts fr\u00e5n f\u00f6rra \u00e5ret f\u00f6r att t\u00e4cka kostnaderna f\u00f6r de nya AI-funktionerna som vi g\u00e5r igenom i detalj i kursen).<\/p>\n<p>Prenumerationen k\u00f6ps via nedladdning direkt fr\u00e5n tillverkaren Adobes webbplats (www.adobe.se). Observera att det \u00e4r en ett \u00e5r l\u00e5ng bindningstid vid prenumerationen, men den kan avbrytas efter kursen om du vill.<\/p>\n<p>(Och Photoshop Elements g\u00e5r inte g\u00e5r att anv\u00e4nda i den h\u00e4r kursen! Elements \u00e4r en &#8221;lightversion&#8221; som saknar m\u00e5nga av de verktyg och funktioner vi g\u00e5r igenom.)<\/p>\n<p>Kontakten mellan kursledaren och deltagarna sker fr\u00e4mst via gratisprogrammet Microsoft Teams som ni f\u00e5r information om i samband med kursstarten. D\u00e4r kan ni chatta, skriva l\u00e4ngre meddelanden, vara med i videotr\u00e4ffarna och skicka in era \u00f6vningsbilder.<\/p>\n<p>Den h\u00e4r kursen \u00e4r p\u00e5 gymnasial studieniv\u00e5 och har en ber\u00e4knad studietakt p\u00e5 50%. Som folkh\u00f6gskolekurs s\u00e4tts stor vikt p\u00e5 levande samtal, s\u00e5 det f\u00f6rekommer bl.a. olika diskussions\u00f6vningar (fr\u00e4mst om bildbehandling) och ni som deltagare uppmuntras \u00e4ven att kommentera eller diskutera varandras inskickade verk.<\/p>\n<p>[\/et_pb_text][et_pb_button button_url=&#8221;https:\/\/sms.schoolsoft.se\/fhsk\/jsp\/LoginApplicant.jsp?application_education_id=27046&#8243; url_new_window=&#8221;on&#8221; button_text=&#8221;Ans\u00f6k till kursen VT2026&#8243; button_alignment=&#8221;center&#8221; _builder_version=&#8221;4.25.0&#8243; _module_preset=&#8221;default&#8221; custom_button=&#8221;on&#8221; button_text_color=&#8221;#FFFFFF&#8221; button_bg_color=&#8221;#0C71C3&#8243; button_border_radius=&#8221;12px&#8221; button_font=&#8221;|||on|||||&#8221; button_icon=&#8221;&#x45;||divi||400&#8243; button_on_hover=&#8221;off&#8221; global_colors_info=&#8221;{}&#8221;][\/et_pb_button][et_pb_text _builder_version=&#8221;4.19.0&#8243; _module_preset=&#8221;default&#8221; custom_margin=&#8221;75px||||false|false&#8221; global_colors_info=&#8221;{}&#8221;]<\/p>\n<p style=\"padding-left: 40px;\"><em><strong>Obs:<\/strong> Ans\u00f6kan sker via plattformen Schoolsoft som anv\u00e4nds av skolor runtom i Sverige. Om du redan har ett Schoolsoft-konto sen tidigare s\u00e5 kan du logga in med det. Om du d\u00e4remot inte har ett Schoolsoft-konto s\u00e5 kan du v\u00e4lja att skapa ett efter du klickat p\u00e5 ans\u00f6kningsknappen. Kontot \u00e4r naturligtvis helt gratis. N\u00e4r kontot \u00e4r klart kan du logga in med det och sedan ans\u00f6ka till kursen.<\/em><\/p>\n<p>[\/et_pb_text][\/et_pb_column][\/et_pb_row][\/et_pb_section]<\/p>\n","protected":false},"excerpt":{"rendered":"<p>Photoshop: Digital bildbehandling (VT2026) Kursanordnare Sverigefinska folkh\u00f6gskolan, Haparanda (www.svefi.net) Kurstyp Distanskurs utan fysiska tr\u00e4ffar Kursledare Mats Holmgren, mats.holmgren@svefi.net Datum 2026-02-02 \u2014 2026-05-15 Ans\u00f6k senast 2025-12-12 Kostnader 400 kr (inkl. bl.a. tillg\u00e5ng till webbaserat material). Om du inte redan har Photoshop kan en m\u00e5nadskostnad p\u00e5 c:a 280 kr f\u00f6r nyaste versionen av programmet tillkomma. Arbetstakt C:a [&hellip;]<\/p>\n","protected":false},"author":1,"featured_media":0,"parent":0,"menu_order":0,"comment_status":"closed","ping_status":"closed","template":"","meta":{"_et_pb_use_builder":"on","_et_pb_old_content":"","_et_gb_content_width":"","footnotes":""},"class_list":["post-284","page","type-page","status-publish","hentry"],"_links":{"self":[{"href":"https:\/\/natbildarna.nu\/index.php?rest_route=\/wp\/v2\/pages\/284","targetHints":{"allow":["GET"]}}],"collection":[{"href":"https:\/\/natbildarna.nu\/index.php?rest_route=\/wp\/v2\/pages"}],"about":[{"href":"https:\/\/natbildarna.nu\/index.php?rest_route=\/wp\/v2\/types\/page"}],"author":[{"embeddable":true,"href":"https:\/\/natbildarna.nu\/index.php?rest_route=\/wp\/v2\/users\/1"}],"replies":[{"embeddable":true,"href":"https:\/\/natbildarna.nu\/index.php?rest_route=%2Fwp%2Fv2%2Fcomments&post=284"}],"version-history":[{"count":7,"href":"https:\/\/natbildarna.nu\/index.php?rest_route=\/wp\/v2\/pages\/284\/revisions"}],"predecessor-version":[{"id":310,"href":"https:\/\/natbildarna.nu\/index.php?rest_route=\/wp\/v2\/pages\/284\/revisions\/310"}],"wp:attachment":[{"href":"https:\/\/natbildarna.nu\/index.php?rest_route=%2Fwp%2Fv2%2Fmedia&parent=284"}],"curies":[{"name":"wp","href":"https:\/\/api.w.org\/{rel}","templated":true}]}}